{"id":17,"date":"2022-12-28T20:04:48","date_gmt":"2022-12-28T19:04:48","guid":{"rendered":"https:\/\/www.mobile-fusspflege-ak.de\/?page_id=17"},"modified":"2022-12-28T20:04:48","modified_gmt":"2022-12-28T19:04:48","slug":"homepage","status":"publish","type":"page","link":"https:\/\/www.mobile-fusspflege-ak.de\/","title":{"rendered":"Homepage"},"content":{"rendered":"\n<p class=\"has-base-background-color has-background\">Mobile Fu\u00dfpflege Angela Kolb, Neus\u00e4\u00df<\/p>\n","protected":false},"excerpt":{"rendered":"<p>Mobile Fu\u00dfpflege Angela Kolb, Neus\u00e4\u00df<\/p>\n","protected":false},"author":1,"featured_media":0,"parent":0,"menu_order":0,"comment_status":"closed","ping_status":"closed","template":"","meta":[],"_links":{"self":[{"href":"https:\/\/www.mobile-fusspflege-ak.de\/index.php\/wp-json\/wp\/v2\/pages\/17"}],"collection":[{"href":"https:\/\/www.mobile-fusspflege-ak.de\/index.php\/wp-json\/wp\/v2\/pages"}],"about":[{"href":"https:\/\/www.mobile-fusspflege-ak.de\/index.php\/wp-json\/wp\/v2\/types\/page"}],"author":[{"embeddable":true,"href":"https:\/\/www.mobile-fusspflege-ak.de\/index.php\/wp-json\/wp\/v2\/users\/1"}],"replies":[{"embeddable":true,"href":"https:\/\/www.mobile-fusspflege-ak.de\/index.php\/wp-json\/wp\/v2\/comments?post=17"}],"version-history":[{"count":1,"href":"https:\/\/www.mobile-fusspflege-ak.de\/index.php\/wp-json\/wp\/v2\/pages\/17\/revisions"}],"predecessor-version":[{"id":18,"href":"https:\/\/www.mobile-fusspflege-ak.de\/index.php\/wp-json\/wp\/v2\/pages\/17\/revisions\/18"}],"wp:attachment":[{"href":"https:\/\/www.mobile-fusspflege-ak.de\/index.php\/wp-json\/wp\/v2\/media?parent=17"}],"curies":[{"name":"wp","href":"https:\/\/api.w.org\/{rel}","templated":true}]}}