{"id":14,"date":"2022-12-28T18:52:22","date_gmt":"2022-12-28T17:52:22","guid":{"rendered":"https:\/\/www.mobile-fusspflege-ak.de\/?page_id=14"},"modified":"2022-12-28T20:09:20","modified_gmt":"2022-12-28T19:09:20","slug":"kontakt","status":"publish","type":"page","link":"https:\/\/www.mobile-fusspflege-ak.de\/index.php\/homepage\/kontakt\/","title":{"rendered":"Kontakt"},"content":{"rendered":"\n<p class=\"has-large-font-size\">Behandlungszeiten: <\/p>\n\n\n\n<p>Montag bis Freitag 09:00 Uhr bis 17:00 Uhr<br>und nach telefonischer Vereinbarung<\/p>\n\n\n\n<p class=\"has-large-font-size\">Anschrift:<\/p>\n\n\n\n<p>Alte Reichsstra\u00dfe 65<br>86356 Neus\u00e4\u00df<\/p>\n\n\n\n<p>Telefon: +49 (0) 176 \/ 327 555 78<br>E-Mail: mobile-fusspflege-ak(at) gmail.com<\/p>\n","protected":false},"excerpt":{"rendered":"<p>Behandlungszeiten: Montag bis Freitag 09:00 Uhr bis 17:00 Uhrund nach telefonischer Vereinbarung Anschrift: Alte Reichsstra\u00dfe 6586356 Neus\u00e4\u00df Telefon: +49 (0) 176 \/ 327 555 78E-Mail: mobile-fusspflege-ak(at) gmail.com<\/p>\n","protected":false},"author":1,"featured_media":0,"parent":17,"menu_order":1,"comment_status":"closed","ping_status":"closed","template":"","meta":[],"_links":{"self":[{"href":"https:\/\/www.mobile-fusspflege-ak.de\/index.php\/wp-json\/wp\/v2\/pages\/14"}],"collection":[{"href":"https:\/\/www.mobile-fusspflege-ak.de\/index.php\/wp-json\/wp\/v2\/pages"}],"about":[{"href":"https:\/\/www.mobile-fusspflege-ak.de\/index.php\/wp-json\/wp\/v2\/types\/page"}],"author":[{"embeddable":true,"href":"https:\/\/www.mobile-fusspflege-ak.de\/index.php\/wp-json\/wp\/v2\/users\/1"}],"replies":[{"embeddable":true,"href":"https:\/\/www.mobile-fusspflege-ak.de\/index.php\/wp-json\/wp\/v2\/comments?post=14"}],"version-history":[{"count":1,"href":"https:\/\/www.mobile-fusspflege-ak.de\/index.php\/wp-json\/wp\/v2\/pages\/14\/revisions"}],"predecessor-version":[{"id":15,"href":"https:\/\/www.mobile-fusspflege-ak.de\/index.php\/wp-json\/wp\/v2\/pages\/14\/revisions\/15"}],"up":[{"embeddable":true,"href":"https:\/\/www.mobile-fusspflege-ak.de\/index.php\/wp-json\/wp\/v2\/pages\/17"}],"wp:attachment":[{"href":"https:\/\/www.mobile-fusspflege-ak.de\/index.php\/wp-json\/wp\/v2\/media?parent=14"}],"curies":[{"name":"wp","href":"https:\/\/api.w.org\/{rel}","templated":true}]}}